{"id":13410,"date":"2016-10-16T23:55:19","date_gmt":"2016-10-16T21:55:19","guid":{"rendered":"http:\/\/xoandelugo.org\/en\/?page_id=13410"},"modified":"2017-04-30T11:53:23","modified_gmt":"2017-04-30T09:53:23","slug":"xoandelugoen","status":"publish","type":"page","link":"https:\/\/xoandelugo.org\/en\/xoandelugoen\/","title":{"rendered":"Xo\u00e1n de Lugo"},"content":{"rendered":"<div class=\"fusion-fullwidth fullwidth-box fusion-builder-row-1 hundred-percent-fullwidth non-hundred-percent-height-scrolling\" style=\"background-color: rgba(255,255,255,0);background-position: center center;background-repeat: no-repeat;padding-top:0px;padding-right:0px;padding-bottom:0px;padding-left:0px;margin-bottom: 0px;margin-top: 0px;border-width: 0px 0px 0px 0px;border-color:#eae9e9;border-style:solid;\" ><div class=\"fusion-builder-row fusion-row\"><div class=\"fusion-layout-column fusion_builder_column fusion-builder-column-0 fusion_builder_column_1_1 1_1 fusion-one-full fusion-column-first fusion-column-last\" style=\"margin-top:0px;margin-bottom:20px;\"><div class=\"fusion-column-wrapper fusion-flex-column-wrapper-legacy\" style=\"background-position:left top;background-repeat:no-repeat;-webkit-background-size:cover;-moz-background-size:cover;-o-background-size:cover;background-size:cover;padding: 0px 0px 0px 0px;\"><div class=\"fusion-sep-clear\"><\/div><div class=\"fusion-separator fusion-full-width-sep\" style=\"margin-left: auto;margin-right: auto;width:100%;\"><div class=\"fusion-separator-border sep-shadow\" style=\"background:radial-gradient(ellipse at 50% -50% , #eeee22 0px, rgba(255, 255, 255, 0) 80%) repeat scroll 0 0 rgba(0, 0, 0, 0);background:-webkit-radial-gradient(ellipse at 50% -50% , #eeee22 0px, rgba(255, 255, 255, 0) 80%) repeat scroll 0 0 rgba(0, 0, 0, 0);background:-moz-radial-gradient(ellipse at 50% -50% , #eeee22 0px, rgba(255, 255, 255, 0) 80%) repeat scroll 0 0 rgba(0, 0, 0, 0);background:-o-radial-gradient(ellipse at 50% -50% , #eeee22 0px, rgba(255, 255, 255, 0) 80%) repeat scroll 0 0 rgba(0, 0, 0, 0);\"><\/div><\/div><div class=\"fusion-sep-clear\"><\/div><div class=\"fusion-clearfix\"><\/div><\/div><\/div><div class=\"fusion-layout-column fusion_builder_column fusion-builder-column-1 fusion_builder_column_2_3 2_3 fusion-two-third fusion-column-first\" style=\"width:65.3333%; margin-right: 4%;margin-top:0px;margin-bottom:20px;\"><div class=\"fusion-column-wrapper fusion-flex-column-wrapper-legacy\" style=\"background-position:left top;background-repeat:no-repeat;-webkit-background-size:cover;-moz-background-size:cover;-o-background-size:cover;background-size:cover;padding: 0px 0px 0px 0px;\"><div class=\"fusion-text fusion-text-1\" style=\"transform:translate3d(0,0,0);\"><p style=\"text-align: justify;\"><strong><span style=\"color: #3366ff;\">Xo\u00e1n de Lugo<\/span> <span style=\"color: #999999;\">(1583-1660) was the last representative of the School of Salamanca, name given to a tradition of thought that includes a group of scholastics who taught theology and morals in the universities of Salamanca and Coimbra. These scholars anticipated many of the contributions to economic theory developed later by the Austrian School of Economics.<\/span><\/strong><\/p>\n<p><span style=\"color: #999999;\"><strong>Xo\u00e1n de Lugo was born in Madrid in 1583. His parents belonged to aristocratic galician families. He joined the Compa\u00f1\u00eda de Jes\u00fas and studied Theology in Salamanca. After completing his studies, he served as profesor of philosophy and theology in several places, one of them Monforte de Lemos, before being appointed cardinal by the pope Urban VIII. He died in Rome in 1660 at the age of 76.<\/strong><\/span><\/p>\n<p><span style=\"color: #999999;\"><strong>In his work Xo\u00e1n de Lugo was able to anticipate essential features of the Austrian School of Economics such as the dynamic nature of the market and the impossibility of the equilibrium model.<\/strong><\/span><\/p>\n<p><span style=\"color: #999999;\"><strong>His most famous work is De Iustitia et Iure, published in 1642, in which he makes important contributions to economic theory, explaining how the market price of a given good is formed through the subjective valuation of people and the interaction of a multitude of individuals. Since this valuation does not depend on any objective quality of the given good but on the preferences of different individuals (with whom we might coincide or not) the just price of a given good is always its market price.<\/strong><\/span><\/p>\n<p><span style=\"color: #999999;\"><strong>Since the origin of economic phenomena is found in the interaction between different individual valuations and choices, Xo\u00e1n de Lugo considered individual human beings (and their freedom) as the main actors of society.<\/strong><\/span><\/p>\n<p><span style=\"color: #808080;\"><strong>\u00a0<\/strong><\/span><\/p>\n<p><span style=\"color: #808080;\">\u00a0<\/span><\/p>\n<\/div><div class=\"fusion-clearfix\"><\/div><\/div><\/div><div class=\"fusion-layout-column fusion_builder_column fusion-builder-column-2 fusion_builder_column_1_3 1_3 fusion-one-third fusion-column-last\" style=\"width:30.6666%;margin-top:0px;margin-bottom:20px;\"><div class=\"fusion-column-wrapper fusion-flex-column-wrapper-legacy\" style=\"background-position:left top;background-repeat:no-repeat;-webkit-background-size:cover;-moz-background-size:cover;-o-background-size:cover;background-size:cover;padding: 0px 0px 0px 0px;\"><div class=\"fusion-text fusion-text-2\" style=\"transform:translate3d(0,0,0);\"><p><img decoding=\"async\" class=\"aligncenter size-full wp-image-13210\" src=\"https:\/\/xoandelugo.org\/wp-content\/uploads\/2016\/07\/Juan_de_Lugo_1583-1660.jpg\" alt=\"Juan_de_Lugo_(1583-1660)\" width=\"699\" height=\"958\" srcset=\"https:\/\/xoandelugo.org\/wp-content\/uploads\/2016\/07\/Juan_de_Lugo_1583-1660-200x274.jpg 200w, https:\/\/xoandelugo.org\/wp-content\/uploads\/2016\/07\/Juan_de_Lugo_1583-1660-219x300.jpg 219w, https:\/\/xoandelugo.org\/wp-content\/uploads\/2016\/07\/Juan_de_Lugo_1583-1660-400x548.jpg 400w, https:\/\/xoandelugo.org\/wp-content\/uploads\/2016\/07\/Juan_de_Lugo_1583-1660-600x822.jpg 600w, https:\/\/xoandelugo.org\/wp-content\/uploads\/2016\/07\/Juan_de_Lugo_1583-1660.jpg 699w\" sizes=\"(max-width: 699px) 100vw, 699px\" \/><\/p>\n<\/div><div class=\"fusion-clearfix\"><\/div><\/div><\/div><\/div><style type=\"text\/css\">.fusion-fullwidth.fusion-builder-row-1 { overflow:visible; }<\/style><\/div>\n","protected":false},"excerpt":{"rendered":"","protected":false},"author":1,"featured_media":0,"parent":0,"menu_order":0,"comment_status":"closed","ping_status":"closed","template":"","meta":{"footnotes":""},"class_list":["post-13410","page","type-page","status-publish","hentry"],"_links":{"self":[{"href":"https:\/\/xoandelugo.org\/en\/wp-json\/wp\/v2\/pages\/13410","targetHints":{"allow":["GET"]}}],"collection":[{"href":"https:\/\/xoandelugo.org\/en\/wp-json\/wp\/v2\/pages"}],"about":[{"href":"https:\/\/xoandelugo.org\/en\/wp-json\/wp\/v2\/types\/page"}],"author":[{"embeddable":true,"href":"https:\/\/xoandelugo.org\/en\/wp-json\/wp\/v2\/users\/1"}],"replies":[{"embeddable":true,"href":"https:\/\/xoandelugo.org\/en\/wp-json\/wp\/v2\/comments?post=13410"}],"version-history":[{"count":6,"href":"https:\/\/xoandelugo.org\/en\/wp-json\/wp\/v2\/pages\/13410\/revisions"}],"predecessor-version":[{"id":17407,"href":"https:\/\/xoandelugo.org\/en\/wp-json\/wp\/v2\/pages\/13410\/revisions\/17407"}],"wp:attachment":[{"href":"https:\/\/xoandelugo.org\/en\/wp-json\/wp\/v2\/media?parent=13410"}],"curies":[{"name":"wp","href":"https:\/\/api.w.org\/{rel}","templated":true}]}}