{"id":14457,"date":"2017-06-23T20:06:13","date_gmt":"2017-06-23T18:06:13","guid":{"rendered":"https:\/\/xoandelugo.org\/?page_id=14457\/"},"modified":"2021-03-14T16:04:13","modified_gmt":"2021-03-14T14:04:13","slug":"salon-da-fama","status":"publish","type":"page","link":"https:\/\/xoandelugo.org\/cy\/salon-da-fama\/","title":{"rendered":"SAL\u00d3N DA FAMA"},"content":{"rendered":"<p><div class=\"fusion-fullwidth fullwidth-box fusion-builder-row-1 fusion-flex-container nonhundred-percent-fullwidth non-hundred-percent-height-scrolling\" style=\"background-color: rgba(255,255,255,0.52);background-position: center center;background-repeat: no-repeat;background-blend-mode: overlay;border-width: 4px 0px 4px 0px;border-color:#ffffff;border-style:solid;\" ><div class=\"fusion-builder-row fusion-row fusion-flex-align-items-flex-start\" style=\"max-width:1248px;margin-left: calc(-4% \/ 2 );margin-right: calc(-4% \/ 2 );\"><\/div><style type=\"text\/css\">.fusion-body .fusion-flex-container.fusion-builder-row-1{ padding-top : 24px;margin-top : 30;padding-right : 24px;padding-bottom : 24px;margin-bottom : 30;padding-left : 24px;}<\/style><\/div><div class=\"fusion-fullwidth fullwidth-box fusion-builder-row-2 fusion-flex-container nonhundred-percent-fullwidth non-hundred-percent-height-scrolling\" style=\"background-color: rgba(255,255,255,0);background-position: center center;background-repeat: no-repeat;border-width: 0px 0px 0px 0px;border-color:#e2e2e2;border-style:solid;\" ><div class=\"fusion-builder-row fusion-row fusion-flex-align-items-flex-start\" style=\"max-width:1248px;margin-left: calc(-4% \/ 2 );margin-right: calc(-4% \/ 2 );\"><div class=\"fusion-layout-column fusion_builder_column fusion-builder-column-0 fusion_builder_column_1_1 1_1 fusion-flex-column\"><div class=\"fusion-column-wrapper fusion-flex-justify-content-flex-start fusion-content-layout-column\" style=\"background-position:left top;background-repeat:no-repeat;-webkit-background-size:cover;-moz-background-size:cover;-o-background-size:cover;background-size:cover;padding: 0px 0px 0px 0px;\"><div class=\"fusion-blog-shortcode fusion-blog-shortcode-1 fusion-blog-archive fusion-blog-layout-large fusion-blog-pagination\"><div class=\"fusion-posts-container fusion-posts-container-pagination fusion-blog-rollover\" data-pages=\"1\"><article id=\"blog-1-post-14691\" class=\"fusion-post-large post-14691 post type-post status-publish format-standard hentry category-o-salon-da-fama\">\n\t<style type=\"text\/css\">\n\t\t\n\t\t\n\t\t\n\t\t\n\t\t\t<\/style>\n\n\n<div class=\"fusion-post-content post-content\"><h2 class=\"blog-shortcode-post-title entry-title\"><a href=\"https:\/\/xoandelugo.org\/cy\/xoan-de-lugo-1583-1660-por-oscar-rodriguez-carreiro\/\">XO\u00c1N DE LUGO (1583-1660). Por Oscar Rodr\u00edguez Carreiro<\/a><\/h2><\/div><div class=\"fusion-clearfix\"><\/div><div class=\"fusion-meta-info\"><span class=\"vcard\" style=\"display: none;\"><span class=\"fn\"><a href=\"https:\/\/xoandelugo.org\/cy\/author\/mnh8\/\" title=\"Posts by Xo\u00e1n de Lugo\" rel=\"author\">Xo\u00e1n de Lugo<\/a><\/span><\/span><span class=\"updated\" style=\"display:none;\">2021-03-14T14:17:30+02:00<\/span><div class=\"fusion-alignright\"><a class=\"fusion-read-more\" href=\"https:\/\/xoandelugo.org\/cy\/xoan-de-lugo-1583-1660-por-oscar-rodriguez-carreiro\/\" aria-label=\"More on XO\u00c1N DE LUGO (1583-1660). Por Oscar Rodr\u00edguez Carreiro\">Read More<\/a><\/div><\/div><\/article>\n<article id=\"blog-1-post-14994\" class=\"fusion-post-large post-14994 post type-post status-publish format-standard hentry category-o-salon-da-fama\">\n\t<style type=\"text\/css\">\n\t\t\n\t\t\n\t\t\n\t\t\n\t\t\t<\/style>\n\n\n<div class=\"fusion-post-content post-content\"><h2 class=\"blog-shortcode-post-title entry-title\"><a href=\"https:\/\/xoandelugo.org\/cy\/luis-de-molina-1535-1601-por-ignacio-almara\/\">LUIS DE MOLINA (1535 \u2013 1601). Por Ignacio Almar\u00e1<\/a><\/h2><\/div><div class=\"fusion-clearfix\"><\/div><div class=\"fusion-meta-info\"><span class=\"vcard\" style=\"display: none;\"><span class=\"fn\"><a href=\"https:\/\/xoandelugo.org\/cy\/author\/mnh8\/\" title=\"Posts by Xo\u00e1n de Lugo\" rel=\"author\">Xo\u00e1n de Lugo<\/a><\/span><\/span><span class=\"updated\" style=\"display:none;\">2021-03-09T03:24:40+02:00<\/span><div class=\"fusion-alignright\"><a class=\"fusion-read-more\" href=\"https:\/\/xoandelugo.org\/cy\/luis-de-molina-1535-1601-por-ignacio-almara\/\" aria-label=\"More on LUIS DE MOLINA (1535 \u2013 1601). Por Ignacio Almar\u00e1\">Read More<\/a><\/div><\/div><\/article>\n<article id=\"blog-1-post-16103\" class=\"fusion-post-large post-16103 post type-post status-publish format-standard hentry category-o-salon-da-fama\">\n\t<style type=\"text\/css\">\n\t\t\n\t\t\n\t\t\n\t\t\n\t\t\t<\/style>\n\n\n<div class=\"fusion-post-content post-content\"><h2 class=\"blog-shortcode-post-title entry-title\"><a href=\"https:\/\/xoandelugo.org\/cy\/john-locke-1632-1704-segunda-parte-por-miguel-alonso-davila\/\">JOHN LOCKE (1632-1704). SEGUNDA PARTE. Por Miguel Alonso Davila<\/a><\/h2><\/div><div class=\"fusion-clearfix\"><\/div><div class=\"fusion-meta-info\"><span class=\"vcard\" style=\"display: none;\"><span class=\"fn\"><a href=\"https:\/\/xoandelugo.org\/cy\/author\/mnh8\/\" title=\"Posts by Xo\u00e1n de Lugo\" rel=\"author\">Xo\u00e1n de Lugo<\/a><\/span><\/span><span class=\"updated\" style=\"display:none;\">2021-03-09T03:02:21+02:00<\/span><div class=\"fusion-alignright\"><a class=\"fusion-read-more\" href=\"https:\/\/xoandelugo.org\/cy\/john-locke-1632-1704-segunda-parte-por-miguel-alonso-davila\/\" aria-label=\"More on JOHN LOCKE (1632-1704). SEGUNDA PARTE. Por Miguel Alonso Davila\">Read More<\/a><\/div><\/div><\/article>\n<article id=\"blog-1-post-15358\" class=\"fusion-post-large post-15358 post type-post status-publish format-standard hentry category-o-salon-da-fama\">\n\t<style type=\"text\/css\">\n\t\t\n\t\t\n\t\t\n\t\t\n\t\t\t<\/style>\n\n\n<div class=\"fusion-post-content post-content\"><h2 class=\"blog-shortcode-post-title entry-title\"><a href=\"https:\/\/xoandelugo.org\/cy\/john-locke-1632-1704-primeira-parte-por-miguel-alonso-davila\/\">JOHN LOCKE (1632-1704). PRIMEIRA PARTE &#8211; Por Miguel Alonso Davila<\/a><\/h2><\/div><div class=\"fusion-clearfix\"><\/div><div class=\"fusion-meta-info\"><span class=\"vcard\" style=\"display: none;\"><span class=\"fn\"><a href=\"https:\/\/xoandelugo.org\/cy\/author\/mnh8\/\" title=\"Posts by Xo\u00e1n de Lugo\" rel=\"author\">Xo\u00e1n de Lugo<\/a><\/span><\/span><span class=\"updated\" style=\"display:none;\">2021-03-09T03:17:37+02:00<\/span><div class=\"fusion-alignright\"><a class=\"fusion-read-more\" href=\"https:\/\/xoandelugo.org\/cy\/john-locke-1632-1704-primeira-parte-por-miguel-alonso-davila\/\" aria-label=\"More on JOHN LOCKE (1632-1704). PRIMEIRA PARTE &#8211; Por Miguel Alonso Davila\">Read More<\/a><\/div><\/div><\/article>\n<article id=\"blog-1-post-15493\" class=\"fusion-post-large post-15493 post type-post status-publish format-standard hentry category-o-salon-da-fama\">\n\t<style type=\"text\/css\">\n\t\t\n\t\t\n\t\t\n\t\t\n\t\t\t<\/style>\n\n\n<div class=\"fusion-post-content post-content\"><h2 class=\"blog-shortcode-post-title entry-title\"><a href=\"https:\/\/xoandelugo.org\/cy\/eugen-von-bohm-bawerk-1855-1914-segunda-parte-por-oscar-rodriguez-carreiro\/\">EUGEN VON B\u00d6HM-BAWERK (1855-1914). SEGUNDA PARTE &#8211; Por \u00d3scar Rodr\u00edguez Carreiro<\/a><\/h2><\/div><div class=\"fusion-clearfix\"><\/div><div class=\"fusion-meta-info\"><span class=\"vcard\" style=\"display: none;\"><span class=\"fn\"><a href=\"https:\/\/xoandelugo.org\/cy\/author\/mnh8\/\" title=\"Posts by Xo\u00e1n de Lugo\" rel=\"author\">Xo\u00e1n de Lugo<\/a><\/span><\/span><span class=\"updated\" style=\"display:none;\">2021-03-09T03:06:01+02:00<\/span><div class=\"fusion-alignright\"><a class=\"fusion-read-more\" href=\"https:\/\/xoandelugo.org\/cy\/eugen-von-bohm-bawerk-1855-1914-segunda-parte-por-oscar-rodriguez-carreiro\/\" aria-label=\"More on EUGEN VON B\u00d6HM-BAWERK (1855-1914). SEGUNDA PARTE &#8211; Por \u00d3scar Rodr\u00edguez Carreiro\">Read More<\/a><\/div><\/div><\/article>\n<article id=\"blog-1-post-15040\" class=\"fusion-post-large post-15040 post type-post status-publish format-standard hentry category-o-salon-da-fama\">\n\t<style type=\"text\/css\">\n\t\t\n\t\t\n\t\t\n\t\t\n\t\t\t<\/style>\n\n\n<div class=\"fusion-post-content post-content\"><h2 class=\"blog-shortcode-post-title entry-title\"><a href=\"https:\/\/xoandelugo.org\/cy\/eugen-von-bohm-bawerk-1851-1914-primeira-parte-por-oscar-rodriguez-carreiro\/\">EUGEN VON B\u00d6HM-BAWERK (1851-1914). PRIMEIRA PARTE. Por \u00d3scar Rodr\u00edguez Carreiro<\/a><\/h2><\/div><div class=\"fusion-clearfix\"><\/div><div class=\"fusion-meta-info\"><span class=\"vcard\" style=\"display: none;\"><span class=\"fn\"><a href=\"https:\/\/xoandelugo.org\/cy\/author\/mnh8\/\" title=\"Posts by Xo\u00e1n de Lugo\" rel=\"author\">Xo\u00e1n de Lugo<\/a><\/span><\/span><span class=\"updated\" style=\"display:none;\">2021-03-09T03:21:55+02:00<\/span><div class=\"fusion-alignright\"><a class=\"fusion-read-more\" href=\"https:\/\/xoandelugo.org\/cy\/eugen-von-bohm-bawerk-1851-1914-primeira-parte-por-oscar-rodriguez-carreiro\/\" aria-label=\"More on EUGEN VON B\u00d6HM-BAWERK (1851-1914). PRIMEIRA PARTE. Por \u00d3scar Rodr\u00edguez Carreiro\">Read More<\/a><\/div><\/div><\/article>\n<article id=\"blog-1-post-14842\" class=\"fusion-post-large post-14842 post type-post status-publish format-standard hentry category-o-salon-da-fama\">\n\t<style type=\"text\/css\">\n\t\t\n\t\t\n\t\t\n\t\t\n\t\t\t<\/style>\n\n\n<div class=\"fusion-post-content post-content\"><h2 class=\"blog-shortcode-post-title entry-title\"><a href=\"https:\/\/xoandelugo.org\/cy\/carl-menger-1840-1921-primeira-parte-por-oscar-rodriguez-carreiro\/\">CARL MENGER (1840-1921). PRIMEIRA PARTE Por Oscar Rodr\u00edguez Carreiro<\/a><\/h2><\/div><div class=\"fusion-clearfix\"><\/div><div class=\"fusion-meta-info\"><span class=\"vcard\" style=\"display: none;\"><span class=\"fn\"><a href=\"https:\/\/xoandelugo.org\/cy\/author\/mnh8\/\" title=\"Posts by Xo\u00e1n de Lugo\" rel=\"author\">Xo\u00e1n de Lugo<\/a><\/span><\/span><span class=\"updated\" style=\"display:none;\">2021-03-14T14:18:18+02:00<\/span><div class=\"fusion-alignright\"><a class=\"fusion-read-more\" href=\"https:\/\/xoandelugo.org\/cy\/carl-menger-1840-1921-primeira-parte-por-oscar-rodriguez-carreiro\/\" aria-label=\"More on CARL MENGER (1840-1921). PRIMEIRA PARTE Por Oscar Rodr\u00edguez Carreiro\">Read More<\/a><\/div><\/div><\/article>\n<\/div><\/div><\/div><\/div><style type=\"text\/css\">.fusion-body .fusion-builder-column-0{width:100% !important;margin-top : 0px;margin-bottom : 20px;}.fusion-builder-column-0 > .fusion-column-wrapper {padding-top : 0px !important;padding-right : 0px !important;margin-right : 1.92%;padding-bottom : 0px !important;padding-left : 0px !important;margin-left : 1.92%;}@media only screen and (max-width:1024px) {.fusion-body .fusion-builder-column-0{width:100% !important;order : 0;}.fusion-builder-column-0 > .fusion-column-wrapper {margin-right : 1.92%;margin-left : 1.92%;}}@media only screen and (max-width:640px) {.fusion-body .fusion-builder-column-0{width:100% !important;order : 0;}.fusion-builder-column-0 > .fusion-column-wrapper {margin-right : 1.92%;margin-left : 1.92%;}}<\/style><\/div><style type=\"text\/css\">.fusion-body .fusion-flex-container.fusion-builder-row-2{ padding-top : 0px;margin-top : 0px;padding-right : 0px;padding-bottom : 0px;margin-bottom : 0px;padding-left : 0px;}<\/style><\/div><div class=\"fusion-fullwidth fullwidth-box fusion-builder-row-3 fusion-flex-container nonhundred-percent-fullwidth non-hundred-percent-height-scrolling\" style=\"background-color: rgba(255,255,255,0);background-position: center center;background-repeat: no-repeat;border-width: 0px 0px 0px 0px;border-color:#e2e2e2;border-style:solid;\" ><div class=\"fusion-builder-row fusion-row fusion-flex-align-items-flex-start\" style=\"max-width:1248px;margin-left: calc(-4% \/ 2 );margin-right: calc(-4% \/ 2 );\"><div class=\"fusion-layout-column fusion_builder_column fusion-builder-column-1 fusion_builder_column_1_5 1_5 fusion-flex-column\"><div class=\"fusion-column-wrapper fusion-flex-justify-content-flex-start fusion-content-layout-column\" style=\"background-position:left top;background-repeat:no-repeat;-webkit-background-size:cover;-moz-background-size:cover;-o-background-size:cover;background-size:cover;padding: 0px 0px 0px 0px;\"><div style=\"text-align:center;\"><div class=\"imageframe-liftup\"><span class=\" fusion-imageframe imageframe-dropshadow imageframe-1\" style=\"border:14px solid rgba(255,255,255,0.53);-webkit-box-shadow: 3px 3px 7px rgba(255,255,255,0.3);box-shadow: 3px 3px 7px rgba(255,255,255,0.3);\"><a class=\"fusion-no-lightbox\" href=\"https:\/\/xoandelugo.org\/cy\/xoan-de-lugo-1583-1660-por-oscar-rodriguez-carreiro\/\" target=\"_self\" aria-label=\"Lugo_-_Responsorum_moralium_libri_sex_,_1651_-_251a.tif\"><img decoding=\"async\" width=\"159\" height=\"226\" src=\"https:\/\/xoandelugo.org\/wp-content\/uploads\/2017\/06\/Lugo_-_Responsorum_moralium_libri_sex__1651_-_251a.tif-e1498850235425.jpg\" class=\"img-responsive wp-image-14641\"\/><\/a><\/span><\/div><\/div><\/div><\/div><style type=\"text\/css\">.fusion-body .fusion-builder-column-1{width:20% !important;margin-top : 0px;margin-bottom : 20px;}.fusion-builder-column-1 > .fusion-column-wrapper {padding-top : 0px !important;padding-right : 0px !important;margin-right : 9.6%;padding-bottom : 0px !important;padding-left : 0px !important;margin-left : 9.6%;}@media only screen and (max-width:1024px) {.fusion-body .fusion-builder-column-1{width:20% !important;order : 0;}.fusion-builder-column-1 > .fusion-column-wrapper {margin-right : 9.6%;margin-left : 9.6%;}}@media only screen and (max-width:640px) {.fusion-body .fusion-builder-column-1{width:100% !important;order : 0;}.fusion-builder-column-1 > .fusion-column-wrapper {margin-right : 1.92%;margin-left : 1.92%;}}<\/style><div class=\"fusion-layout-column fusion_builder_column fusion-builder-column-2 fusion_builder_column_1_5 1_5 fusion-flex-column\"><div class=\"fusion-column-wrapper fusion-flex-justify-content-flex-start fusion-content-layout-column\" style=\"background-position:left top;background-repeat:no-repeat;-webkit-background-size:cover;-moz-background-size:cover;-o-background-size:cover;background-size:cover;padding: 0px 0px 0px 0px;\"><div style=\"text-align:center;\"><div class=\"imageframe-liftup\"><span class=\" fusion-imageframe imageframe-none imageframe-2\" style=\"border:14px solid rgba(255,255,255,0.56);\"><a class=\"fusion-no-lightbox\" href=\"https:\/\/xoandelugo.org\/cy\/luis-de-molina-1535-1601-por-ignacio-almara\/\" target=\"_self\" aria-label=\"19894319_10154825953242263_1273109196_n (1)\"><img decoding=\"async\" width=\"159\" height=\"226\" src=\"https:\/\/xoandelugo.org\/wp-content\/uploads\/2017\/06\/19894319_10154825953242263_1273109196_n-1-e1500662861500.jpg\" class=\"img-responsive wp-image-14989\"\/><\/a><\/span><\/div><\/div><\/div><\/div><style type=\"text\/css\">.fusion-body .fusion-builder-column-2{width:20% !important;margin-top : 0px;margin-bottom : 20px;}.fusion-builder-column-2 > .fusion-column-wrapper {padding-top : 0px !important;padding-right : 0px !important;margin-right : 9.6%;padding-bottom : 0px !important;padding-left : 0px !important;margin-left : 9.6%;}@media only screen and (max-width:1024px) {.fusion-body .fusion-builder-column-2{width:20% !important;order : 0;}.fusion-builder-column-2 > .fusion-column-wrapper {margin-right : 9.6%;margin-left : 9.6%;}}@media only screen and (max-width:640px) {.fusion-body .fusion-builder-column-2{width:100% !important;order : 0;}.fusion-builder-column-2 > .fusion-column-wrapper {margin-right : 1.92%;margin-left : 1.92%;}}<\/style><div class=\"fusion-layout-column fusion_builder_column fusion-builder-column-3 fusion_builder_column_1_5 1_5 fusion-flex-column\"><div class=\"fusion-column-wrapper fusion-flex-justify-content-flex-start fusion-content-layout-column\" style=\"background-position:left top;background-repeat:no-repeat;-webkit-background-size:cover;-moz-background-size:cover;-o-background-size:cover;background-size:cover;padding: 0px 0px 0px 0px;\"><div style=\"text-align:center;\"><div class=\"imageframe-liftup\"><span class=\" fusion-imageframe imageframe-none imageframe-3\" style=\"border:14px solid rgba(255,255,255,0.5);\"><a class=\"fusion-no-lightbox\" href=\"https:\/\/xoandelugo.org\/cy\/john-locke-1632-1704-primeira-parte-por-miguel-alonso-davila\/\" target=\"_self\" aria-label=\"jonhloke\"><img decoding=\"async\" width=\"159\" height=\"203\" src=\"https:\/\/xoandelugo.org\/wp-content\/uploads\/2017\/06\/jonhloke-e1506106876545.jpg\" class=\"img-responsive wp-image-15356\"\/><\/a><\/span><\/div><\/div><\/div><\/div><style type=\"text\/css\">.fusion-body .fusion-builder-column-3{width:20% !important;margin-top : 0px;margin-bottom : 20px;}.fusion-builder-column-3 > .fusion-column-wrapper {padding-top : 0px !important;padding-right : 0px !important;margin-right : 9.6%;padding-bottom : 0px !important;padding-left : 0px !important;margin-left : 9.6%;}@media only screen and (max-width:1024px) {.fusion-body .fusion-builder-column-3{width:20% !important;order : 0;}.fusion-builder-column-3 > .fusion-column-wrapper {margin-right : 9.6%;margin-left : 9.6%;}}@media only screen and (max-width:640px) {.fusion-body .fusion-builder-column-3{width:100% !important;order : 0;}.fusion-builder-column-3 > .fusion-column-wrapper {margin-right : 1.92%;margin-left : 1.92%;}}<\/style><div class=\"fusion-layout-column fusion_builder_column fusion-builder-column-4 fusion_builder_column_1_5 1_5 fusion-flex-column\"><div class=\"fusion-column-wrapper fusion-flex-justify-content-flex-start fusion-content-layout-column\" style=\"background-position:left top;background-repeat:no-repeat;-webkit-background-size:cover;-moz-background-size:cover;-o-background-size:cover;background-size:cover;padding: 0px 0px 0px 0px;\"><div style=\"text-align:center;\"><div class=\"imageframe-liftup\"><span class=\" fusion-imageframe imageframe-none imageframe-4\" style=\"border:14px solid rgba(255,255,255,0.54);\"><a class=\"fusion-no-lightbox\" href=\"https:\/\/xoandelugo.org\/cy\/eugen-von-bohm-bawerk-1851-1914-primeira-parte-por-oscar-rodriguez-carreiro\/\" target=\"_self\" aria-label=\"20496187_10154848443522263_1418863052_n\"><img decoding=\"async\" width=\"159\" height=\"231\" src=\"https:\/\/xoandelugo.org\/wp-content\/uploads\/2017\/06\/20496187_10154848443522263_1418863052_n-e1501275769995.jpg\" class=\"img-responsive wp-image-15034\"\/><\/a><\/span><\/div><\/div><\/div><\/div><style type=\"text\/css\">.fusion-body .fusion-builder-column-4{width:20% !important;margin-top : 0px;margin-bottom : 20px;}.fusion-builder-column-4 > .fusion-column-wrapper {padding-top : 0px !important;padding-right : 0px !important;margin-right : 9.6%;padding-bottom : 0px !important;padding-left : 0px !important;margin-left : 9.6%;}@media only screen and (max-width:1024px) {.fusion-body .fusion-builder-column-4{width:20% !important;order : 0;}.fusion-builder-column-4 > .fusion-column-wrapper {margin-right : 9.6%;margin-left : 9.6%;}}@media only screen and (max-width:640px) {.fusion-body .fusion-builder-column-4{width:100% !important;order : 0;}.fusion-builder-column-4 > .fusion-column-wrapper {margin-right : 1.92%;margin-left : 1.92%;}}<\/style><div class=\"fusion-layout-column fusion_builder_column fusion-builder-column-5 fusion_builder_column_1_5 1_5 fusion-flex-column\"><div class=\"fusion-column-wrapper fusion-flex-justify-content-flex-start fusion-content-layout-column\" style=\"background-position:left top;background-repeat:no-repeat;-webkit-background-size:cover;-moz-background-size:cover;-o-background-size:cover;background-size:cover;padding: 0px 0px 0px 0px;\"><div style=\"text-align:center;\"><div class=\"imageframe-liftup\"><span class=\" fusion-imageframe imageframe-none imageframe-5\" style=\"border:14px solid rgba(255,255,255,0.49);\"><a class=\"fusion-no-lightbox\" href=\"https:\/\/xoandelugo.org\/cy\/carl-menger-1840-1921-primeira-parte-por-oscar-rodriguez-carreiro\/\" target=\"_self\" aria-label=\"menger\"><img decoding=\"async\" width=\"159\" height=\"188\" src=\"https:\/\/xoandelugo.org\/wp-content\/uploads\/2017\/06\/menger.gif\" class=\"img-responsive wp-image-14850\"\/><\/a><\/span><\/div><\/div><\/div><\/div><style type=\"text\/css\">.fusion-body .fusion-builder-column-5{width:20% !important;margin-top : 0px;margin-bottom : 20px;}.fusion-builder-column-5 > .fusion-column-wrapper {padding-top : 0px !important;padding-right : 0px !important;margin-right : 9.6%;padding-bottom : 0px !important;padding-left : 0px !important;margin-left : 9.6%;}@media only screen and (max-width:1024px) {.fusion-body .fusion-builder-column-5{width:20% !important;order : 0;}.fusion-builder-column-5 > .fusion-column-wrapper {margin-right : 9.6%;margin-left : 9.6%;}}@media only screen and (max-width:640px) {.fusion-body .fusion-builder-column-5{width:100% !important;order : 0;}.fusion-builder-column-5 > .fusion-column-wrapper {margin-right : 1.92%;margin-left : 1.92%;}}<\/style><\/div><style type=\"text\/css\">.fusion-body .fusion-flex-container.fusion-builder-row-3{ padding-top : 0px;margin-top : 0px;padding-right : 0px;padding-bottom : 0px;margin-bottom : 0px;padding-left : 0px;}<\/style><\/div><\/p>\n","protected":false},"excerpt":{"rendered":"","protected":false},"author":1,"featured_media":0,"parent":0,"menu_order":0,"comment_status":"closed","ping_status":"closed","template":"","meta":{"footnotes":""},"class_list":["post-14457","page","type-page","status-publish","hentry"],"_links":{"self":[{"href":"https:\/\/xoandelugo.org\/cy\/wp-json\/wp\/v2\/pages\/14457","targetHints":{"allow":["GET"]}}],"collection":[{"href":"https:\/\/xoandelugo.org\/cy\/wp-json\/wp\/v2\/pages"}],"about":[{"href":"https:\/\/xoandelugo.org\/cy\/wp-json\/wp\/v2\/types\/page"}],"author":[{"embeddable":true,"href":"https:\/\/xoandelugo.org\/cy\/wp-json\/wp\/v2\/users\/1"}],"replies":[{"embeddable":true,"href":"https:\/\/xoandelugo.org\/cy\/wp-json\/wp\/v2\/comments?post=14457"}],"version-history":[{"count":67,"href":"https:\/\/xoandelugo.org\/cy\/wp-json\/wp\/v2\/pages\/14457\/revisions"}],"predecessor-version":[{"id":15043,"href":"https:\/\/xoandelugo.org\/cy\/wp-json\/wp\/v2\/pages\/14457\/revisions\/15043"}],"wp:attachment":[{"href":"https:\/\/xoandelugo.org\/cy\/wp-json\/wp\/v2\/media?parent=14457"}],"curies":[{"name":"wp","href":"https:\/\/api.w.org\/{rel}","templated":true}]}}