{"id":13434,"date":"2016-10-17T00:45:39","date_gmt":"2016-10-16T22:45:39","guid":{"rendered":"http:\/\/xoandelugo.org\/cy\/?page_id=13434"},"modified":"2021-03-08T23:01:08","modified_gmt":"2021-03-08T21:01:08","slug":"que-e-a-escola-austriaca","status":"publish","type":"page","link":"https:\/\/xoandelugo.org\/cy\/que-e-a-escola-austriaca\/","title":{"rendered":"\u00bfQu\u00e9 \u00e9 a Escola Austr\u00edaca?"},"content":{"rendered":"<p><div class=\"fusion-fullwidth fullwidth-box fusion-builder-row-1 fusion-flex-container nonhundred-percent-fullwidth non-hundred-percent-height-scrolling\" style=\"background-color: rgba(255,255,255,0);background-position: left top;background-repeat: no-repeat;border-width: 0px 0px 0px 0px;border-color:#e2e2e2;border-style:solid;\" ><div class=\"fusion-builder-row fusion-row fusion-flex-align-items-flex-start\" style=\"max-width:calc( 1200px + 0px );margin-left: calc(-0px \/ 2 );margin-right: calc(-0px \/ 2 );\"><div class=\"fusion-layout-column fusion_builder_column fusion-builder-column-0 fusion_builder_column_1_1 1_1 fusion-flex-column fusion-flex-align-self-flex-start fusion-column-no-min-height\"><div class=\"fusion-column-wrapper fusion-flex-justify-content-flex-start fusion-content-layout-column\" style=\"background-position:left top;background-repeat:no-repeat;-webkit-background-size:cover;-moz-background-size:cover;-o-background-size:cover;background-size:cover;padding: 0px 0px 0px 0px;\"><div class=\"fusion-separator fusion-full-width-sep\" style=\"align-self: center;margin-left: auto;margin-right: auto;width:100%;\"><div class=\"fusion-separator-border sep-double sep-solid\" style=\"border-color:#1c89bc;border-top-width:1px;border-bottom-width:1px;\"><\/div><\/div><\/div><\/div><style type=\"text\/css\">.fusion-body .fusion-builder-column-0{width:100% !important;margin-top : 0px;margin-bottom : 0px;}.fusion-builder-column-0 > .fusion-column-wrapper {padding-top : 0px !important;padding-right : 0px !important;margin-right : 0px;padding-bottom : 0px !important;padding-left : 0px !important;margin-left : 0px;}@media only screen and (max-width:1024px) {.fusion-body .fusion-builder-column-0{width:100% !important;}.fusion-builder-column-0 > .fusion-column-wrapper {margin-right : 0px;margin-left : 0px;}}@media only screen and (max-width:640px) {.fusion-body .fusion-builder-column-0{width:100% !important;}.fusion-builder-column-0 > .fusion-column-wrapper {margin-right : 0px;margin-left : 0px;}}<\/style><\/div><style type=\"text\/css\">.fusion-body .fusion-flex-container.fusion-builder-row-1{ padding-top : 20px;margin-top : 0px;padding-right : 0px;padding-bottom : 20px;margin-bottom : 0px;padding-left : 0px;}<\/style><\/div><div class=\"fusion-fullwidth fullwidth-box fusion-builder-row-2 fusion-flex-container hundred-percent-fullwidth non-hundred-percent-height-scrolling\" style=\"background-color: rgba(255,255,255,0);background-position: center center;background-repeat: no-repeat;border-width: 0px 0px 0px 0px;border-color:#e2e2e2;border-style:solid;\" ><div class=\"fusion-builder-row fusion-row fusion-flex-align-items-flex-start\" style=\"width:104% !important;max-width:104% !important;margin-left: calc(-4% \/ 2 );margin-right: calc(-4% \/ 2 );\"><div class=\"fusion-layout-column fusion_builder_column fusion-builder-column-1 fusion_builder_column_2_3 2_3 fusion-flex-column\"><div class=\"fusion-column-wrapper fusion-flex-justify-content-flex-start fusion-content-layout-column\" style=\"background-position:left top;background-repeat:no-repeat;-webkit-background-size:cover;-moz-background-size:cover;-o-background-size:cover;background-size:cover;padding: 0px 0px 0px 0px;\"><div class=\"fusion-text fusion-text-1\" style=\"transform:translate3d(0,0,0);\"><p style=\"text-align: justify;\"><span style=\"color: rgb(0, 0, 0);\"> <\/span><\/p>\n<p style=\"text-align: justify;\"><span style=\"color: #808080;\"><span style=\"color: rgb(0, 0, 0);\">  Co\u00f1\u00e9cese co nome de Escola Austriaca a unha <span style=\"color: rgb(28, 137, 188);\"><b>Escola de pensamento econ\u00f3mico fundada por Carl Menger<\/b><\/span> no \u00faltimo terzo do s\u00e9culo XIX, e da que forman parte autores sobranceiros coma <span style=\"color: rgb(28, 137, 188);\"><b>Eugen von Bohm Bawerk, Ludwig von Mises, Friedrich Hayek, Ludwig Lachmann, Murray N. Rothbard ou Jes\u00fas Huerta de Soto.<\/b><\/span><\/span><\/span><\/p>\n<p style=\"text-align: justify;\"><span style=\"color: rgb(0, 0, 0);\">   A caracter\u00edstica m\u00e1is destacada da Escola Austriaca \u00e9 a s\u00faa insistencia nun <span style=\"color: rgb(28, 137, 188);\"><b>enfoque causal-realista fundado no individualismo metodol\u00f3xico<\/b><\/span>. Menger aplicou o concepto de intencionalidade \u00f3 valor econ\u00f3mico, considerando que \u00e9ste deriva dun xu\u00edzo individual que expresa unha preferencia. \u00c9 dicir, preferir algo equivale a valoralo, a clasificalo xer\u00e1rquicamente nunca escala de valores propia.<\/span><\/p>\n<p style=\"text-align: justify;\"><span style=\"color: rgb(0, 0, 0);\">   Seguindo a Menger, os autores da Escola Austriaca consideran que <span style=\"color: rgb(28, 137, 188);\"><b>o que move a econom\u00eda son as acci\u00f3ns dos individuos<\/b><\/span>. A partir desta consideraci\u00f3n, e a trav\u00e9s dun <span style=\"color: rgb(28, 137, 188);\"><b>razoamento l\u00f3xico-deductivo<\/b><\/span> das s\u00faas implicaci\u00f3ns, artellan explicaci\u00f3ns dos fen\u00f3menos econ\u00f3micos do mundo real, tales coma o valor, o intercambio, os prezos, o tipo de xuro e o beneficio empresarial, ata chegar, paso a paso, a unha <span style=\"color: rgb(28, 137, 188);\"><b>ciencia xeral da acci\u00f3n humana, que incl\u00fae teor\u00edas da estrutura de producci\u00f3n, do di\u00f1eiro, da empresarialidade, dos procesos de mercado e dos ciclos econ\u00f3micos.<\/b><\/span><\/span><\/p>\n<p style=\"text-align: justify;\"><span style=\"color: rgb(0, 0, 0);\">   Un dos precedentes da Escola Austriaca at\u00f3pase no traballo dos autores da Escola de Salamanca, que escribiron nos s\u00e9culos XVI e XVII un conxunto de obras que conforman unha visi\u00f3n da orde social que salienta o car\u00e1cter subxectivo, din\u00e1mico e creativo da acci\u00f3n humana.<\/span><\/p>\n<\/div><\/div><\/div><style type=\"text\/css\">.fusion-body .fusion-builder-column-1{width:66.666666666667% !important;margin-top : 0px;margin-bottom : 20px;}.fusion-builder-column-1 > .fusion-column-wrapper {padding-top : 0px !important;padding-right : 0px !important;margin-right : 3.84%;padding-bottom : 0px !important;padding-left : 0px !important;margin-left : 2.88%;}@media only screen and (max-width:1024px) {.fusion-body .fusion-builder-column-1{width:66.666666666667% !important;}.fusion-builder-column-1 > .fusion-column-wrapper {margin-right : 3.84%;margin-left : 2.88%;}}@media only screen and (max-width:640px) {.fusion-body .fusion-builder-column-1{width:100% !important;}.fusion-builder-column-1 > .fusion-column-wrapper {margin-right : 1.92%;margin-left : 1.92%;}}<\/style><div class=\"fusion-layout-column fusion_builder_column fusion-builder-column-2 fusion_builder_column_1_3 1_3 fusion-flex-column\"><div class=\"fusion-column-wrapper fusion-flex-justify-content-flex-start fusion-content-layout-column\" style=\"background-position:left top;background-repeat:no-repeat;-webkit-background-size:cover;-moz-background-size:cover;-o-background-size:cover;background-size:cover;padding: 0px 0px 0px 0px;\"><div class=\"fusion-text fusion-text-2\" style=\"transform:translate3d(0,0,0);\"><p><img decoding=\"async\" class=\"aligncenter size-full wp-image-13181\" src=\"https:\/\/xoandelugo.org\/wp-content\/uploads\/2016\/06\/12373350_925613707520876_4259726430319872852_n-e1467404601517.jpg\" alt=\"12373350_925613707520876_4259726430319872852_n\" width=\"463\" height=\"626\" srcset=\"https:\/\/xoandelugo.org\/wp-content\/uploads\/2016\/06\/12373350_925613707520876_4259726430319872852_n-e1467404601517-200x270.jpg 200w, https:\/\/xoandelugo.org\/wp-content\/uploads\/2016\/06\/12373350_925613707520876_4259726430319872852_n-e1467404601517-222x300.jpg 222w, https:\/\/xoandelugo.org\/wp-content\/uploads\/2016\/06\/12373350_925613707520876_4259726430319872852_n-e1467404601517-400x541.jpg 400w, https:\/\/xoandelugo.org\/wp-content\/uploads\/2016\/06\/12373350_925613707520876_4259726430319872852_n-e1467404601517.jpg 463w\" sizes=\"(max-width: 463px) 100vw, 463px\" \/><\/p>\n<\/div><\/div><\/div><style type=\"text\/css\">.fusion-body .fusion-builder-column-2{width:33.333333333333% !important;margin-top : 0px;margin-bottom : 20px;}.fusion-builder-column-2 > .fusion-column-wrapper {padding-top : 0px !important;padding-right : 0px !important;margin-right : 5.76%;padding-bottom : 0px !important;padding-left : 0px !important;margin-left : 3.84%;}@media only screen and (max-width:1024px) {.fusion-body .fusion-builder-column-2{width:33.333333333333% !important;}.fusion-builder-column-2 > .fusion-column-wrapper {margin-right : 5.76%;margin-left : 3.84%;}}@media only screen and (max-width:640px) {.fusion-body .fusion-builder-column-2{width:100% !important;}.fusion-builder-column-2 > .fusion-column-wrapper {margin-right : 1.92%;margin-left : 1.92%;}}<\/style><\/div><style type=\"text\/css\">.fusion-fullwidth.fusion-builder-row-2 { overflow:visible; }.fusion-body .fusion-flex-container.fusion-builder-row-2{ padding-top : 0px;margin-top : 0px;padding-right : 0px;padding-bottom : 0px;margin-bottom : 0px;padding-left : 0px;}<\/style><\/div><div class=\"fusion-fullwidth fullwidth-box fusion-builder-row-3 fusion-flex-container nonhundred-percent-fullwidth non-hundred-percent-height-scrolling\" style=\"background-color: rgba(255,255,255,0);background-position: left top;background-repeat: no-repeat;border-width: 0px 0px 0px 0px;border-color:#e2e2e2;border-style:solid;\" ><div class=\"fusion-builder-row fusion-row fusion-flex-align-items-flex-start\" style=\"max-width:calc( 1200px + 0px );margin-left: calc(-0px \/ 2 );margin-right: calc(-0px \/ 2 );\"><div class=\"fusion-layout-column fusion_builder_column fusion-builder-column-3 fusion_builder_column_1_1 1_1 fusion-flex-column fusion-flex-align-self-flex-start fusion-column-no-min-height\"><div class=\"fusion-column-wrapper fusion-flex-justify-content-flex-start fusion-content-layout-column\" style=\"background-position:left top;background-repeat:no-repeat;-webkit-background-size:cover;-moz-background-size:cover;-o-background-size:cover;background-size:cover;padding: 0px 0px 0px 0px;\"><div class=\"fusion-separator fusion-full-width-sep\" style=\"align-self: center;margin-left: auto;margin-right: auto;width:100%;\"><div class=\"fusion-separator-border sep-double sep-solid\" style=\"border-color:#1c89bc;border-top-width:1px;border-bottom-width:1px;\"><\/div><\/div><\/div><\/div><style type=\"text\/css\">.fusion-body .fusion-builder-column-3{width:100% !important;margin-top : 0px;margin-bottom : 0px;}.fusion-builder-column-3 > .fusion-column-wrapper {padding-top : 0px !important;padding-right : 0px !important;margin-right : 0px;padding-bottom : 0px !important;padding-left : 0px !important;margin-left : 0px;}@media only screen and (max-width:1024px) {.fusion-body .fusion-builder-column-3{width:100% !important;}.fusion-builder-column-3 > .fusion-column-wrapper {margin-right : 0px;margin-left : 0px;}}@media only screen and (max-width:640px) {.fusion-body .fusion-builder-column-3{width:100% !important;}.fusion-builder-column-3 > .fusion-column-wrapper {margin-right : 0px;margin-left : 0px;}}<\/style><\/div><style type=\"text\/css\">.fusion-body .fusion-flex-container.fusion-builder-row-3{ padding-top : 20px;margin-top : 0px;padding-right : 0px;padding-bottom : 20px;margin-bottom : 0px;padding-left : 0px;}<\/style><\/div><\/p>\n","protected":false},"excerpt":{"rendered":"","protected":false},"author":1,"featured_media":0,"parent":0,"menu_order":0,"comment_status":"closed","ping_status":"closed","template":"","meta":{"footnotes":""},"class_list":["post-13434","page","type-page","status-publish","hentry"],"_links":{"self":[{"href":"https:\/\/xoandelugo.org\/cy\/wp-json\/wp\/v2\/pages\/13434","targetHints":{"allow":["GET"]}}],"collection":[{"href":"https:\/\/xoandelugo.org\/cy\/wp-json\/wp\/v2\/pages"}],"about":[{"href":"https:\/\/xoandelugo.org\/cy\/wp-json\/wp\/v2\/types\/page"}],"author":[{"embeddable":true,"href":"https:\/\/xoandelugo.org\/cy\/wp-json\/wp\/v2\/users\/1"}],"replies":[{"embeddable":true,"href":"https:\/\/xoandelugo.org\/cy\/wp-json\/wp\/v2\/comments?post=13434"}],"version-history":[{"count":6,"href":"https:\/\/xoandelugo.org\/cy\/wp-json\/wp\/v2\/pages\/13434\/revisions"}],"predecessor-version":[{"id":17193,"href":"https:\/\/xoandelugo.org\/cy\/wp-json\/wp\/v2\/pages\/13434\/revisions\/17193"}],"wp:attachment":[{"href":"https:\/\/xoandelugo.org\/cy\/wp-json\/wp\/v2\/media?parent=13434"}],"curies":[{"name":"wp","href":"https:\/\/api.w.org\/{rel}","templated":true}]}}