{"id":13412,"date":"2016-10-16T23:56:44","date_gmt":"2016-10-16T21:56:44","guid":{"rendered":"http:\/\/xoandelugo.org\/cy\/?page_id=13412"},"modified":"2021-03-08T22:56:44","modified_gmt":"2021-03-08T20:56:44","slug":"xoandelugogal","status":"publish","type":"page","link":"https:\/\/xoandelugo.org\/cy\/xoandelugogal\/","title":{"rendered":"XO\u00c1N DE LUGO"},"content":{"rendered":"<div class=\"fusion-fullwidth fullwidth-box fusion-builder-row-1 fusion-flex-container hundred-percent-fullwidth non-hundred-percent-height-scrolling\" style=\"background-color: rgba(255,255,255,0);background-position: center center;background-repeat: no-repeat;border-width: 0px 0px 0px 0px;border-color:#e2e2e2;border-style:solid;\" ><div class=\"fusion-builder-row fusion-row fusion-flex-align-items-flex-start\" style=\"width:104% !important;max-width:104% !important;margin-left: calc(-4% \/ 2 );margin-right: calc(-4% \/ 2 );\"><div class=\"fusion-layout-column fusion_builder_column fusion-builder-column-0 fusion_builder_column_1_1 1_1 fusion-flex-column\"><div class=\"fusion-column-wrapper fusion-flex-justify-content-flex-start fusion-content-layout-column\" style=\"background-position:left top;background-repeat:no-repeat;-webkit-background-size:cover;-moz-background-size:cover;-o-background-size:cover;background-size:cover;padding: 0px 0px 0px 0px;\"><div class=\"fusion-separator fusion-full-width-sep\" style=\"align-self: center;margin-left: auto;margin-right: auto;width:100%;\"><div class=\"fusion-separator-border sep-double sep-solid\" style=\"border-color:#1c89bc;border-top-width:1px;border-bottom-width:1px;\"><\/div><\/div><\/div><\/div><style type=\"text\/css\">.fusion-body .fusion-builder-column-0{width:100% !important;margin-top : 0px;margin-bottom : 20px;}.fusion-builder-column-0 > .fusion-column-wrapper {padding-top : 0px !important;padding-right : 0px !important;margin-right : 1.92%;padding-bottom : 0px !important;padding-left : 0px !important;margin-left : 1.92%;}@media only screen and (max-width:1024px) {.fusion-body .fusion-builder-column-0{width:100% !important;}.fusion-builder-column-0 > .fusion-column-wrapper {margin-right : 1.92%;margin-left : 1.92%;}}@media only screen and (max-width:640px) {.fusion-body .fusion-builder-column-0{width:100% !important;}.fusion-builder-column-0 > .fusion-column-wrapper {margin-right : 1.92%;margin-left : 1.92%;}}<\/style><div class=\"fusion-layout-column fusion_builder_column fusion-builder-column-1 fusion_builder_column_2_3 2_3 fusion-flex-column\"><div class=\"fusion-column-wrapper fusion-flex-justify-content-flex-start fusion-content-layout-column\" style=\"background-position:left top;background-repeat:no-repeat;-webkit-background-size:cover;-moz-background-size:cover;-o-background-size:cover;background-size:cover;padding: 0px 0px 0px 0px;\"><div class=\"fusion-text fusion-text-1\" style=\"transform:translate3d(0,0,0);\"><p style=\"text-align: justify;\"><span style=\"color: #808080;\"><b><span style=\"color: #3366ff;\"> <span style=\"color: #1c89bc;\"> Xo\u00e1n de Lugo<\/span><\/span> <\/b><\/span><span style=\"color: #000000;\"><b>(1583-1660) foi <span style=\"color: #1c89bc;\">o derradeiro representante da Escola de Salamanca<\/span>, tradici\u00f3n de pensamento que agrupa a un conxunto de autores escol\u00e1sticos que ensinaron moral e teolox\u00eda nas universidades de Salamanca e de Coimbra. <span style=\"color: #1c89bc;\">Estes autores anticiparon moitas das contribuci\u00f3ns \u00e1 teor\u00eda econ\u00f3mica nas que profundar\u00eda m\u00e1is tarde a Escola Austriaca.<\/span><\/b><\/span><\/p>\n<p style=\"text-align: justify;\"><span style=\"color: #000000;\"><b> Xo\u00e1n de Lugo naceu en Madrid en 1583. Os seus pais pertenc\u00edan<\/b><b> a familias da nobreza galega. Ingresou na Compa\u00f1\u00eda de Xes\u00fas e cursou estudos de Teolox\u00eda en Salamanca. Ensinou filosof\u00eda e teolox\u00eda en diversos lugares, entre eles Monforte de Lemos, antes de ser nomeado Cardeal polo Papa Urbano VIII. Morreu en Roma en 1660, \u00f3s 76 anos de idade.<\/b><\/span><\/p>\n<p style=\"text-align: justify;\"><span style=\"color: #000000;\"><b> <span style=\"color: #1c89bc;\">Nos seus estudos Xo\u00e1n de Lugo foi quen de anticipar principios esenciais da Escola Austriaca de Econom\u00eda, tales como a natureza din\u00e1mica do mercado e a imposibilidade do modelo de equilibrio.<\/span><\/b><\/span><\/p>\n<p style=\"text-align: justify;\"><span style=\"color: #000000;\"><b> A s\u00faa obra m\u00e1is famosa \u00e9 <i><span style=\"color: #1c89bc;\">De Iustitia et Iure<\/span><\/i><span style=\"color: #1c89bc;\">, publicada en 1642<\/span>, na que fai importantes contribuci\u00f3ns \u00e1 teor\u00eda econ\u00f3mica. Nela explicou c\u00f3mo o prezo de mercado dun ben se orixina a trav\u00e9s da valoraci\u00f3n subxectiva da xente e da interacci\u00f3n de multitude de persoas. Como esta valoraci\u00f3n non depende de ningunha caracter\u00edstica obxectiva do ben en cuesti\u00f3n sen\u00f3n das preferencias dos distintos individuos (coas que podemos concordar ou non) o prezo xusto dun ben ser\u00e1 sempre o seu prezo de mercado.<\/b><\/span><\/p>\n<p style=\"text-align: justify;\"><span style=\"color: #000000;\"><b> <span style=\"color: #1c89bc;\">Xo\u00e1n de Lugo concib\u00eda \u00f3 ser humano, e a s\u00faa liberdade, coma o principal protagonista da sociedade, xa que a orixe dos fen\u00f3menos econ\u00f3micos era a interacci\u00f3n das valoraci\u00f3ns e escollas humanas individuais.<\/span><\/b><\/span><\/p>\n<\/div><\/div><\/div><style type=\"text\/css\">.fusion-body .fusion-builder-column-1{width:66.666666666667% !important;margin-top : 0px;margin-bottom : 20px;}.fusion-builder-column-1 > .fusion-column-wrapper {padding-top : 0px !important;padding-right : 0px !important;margin-right : 3.84%;padding-bottom : 0px !important;padding-left : 0px !important;margin-left : 2.88%;}@media only screen and (max-width:1024px) {.fusion-body .fusion-builder-column-1{width:66.666666666667% !important;}.fusion-builder-column-1 > .fusion-column-wrapper {margin-right : 3.84%;margin-left : 2.88%;}}@media only screen and (max-width:640px) {.fusion-body .fusion-builder-column-1{width:100% !important;}.fusion-builder-column-1 > .fusion-column-wrapper {margin-right : 1.92%;margin-left : 1.92%;}}<\/style><div class=\"fusion-layout-column fusion_builder_column fusion-builder-column-2 fusion_builder_column_1_3 1_3 fusion-flex-column\"><div class=\"fusion-column-wrapper fusion-flex-justify-content-flex-start fusion-content-layout-column\" style=\"background-position:left top;background-repeat:no-repeat;-webkit-background-size:cover;-moz-background-size:cover;-o-background-size:cover;background-size:cover;padding: 0px 0px 0px 0px;\"><div class=\"fusion-text fusion-text-2\" style=\"transform:translate3d(0,0,0);\"><p><img decoding=\"async\" class=\"aligncenter size-full wp-image-13210\" src=\"https:\/\/xoandelugo.org\/wp-content\/uploads\/2016\/07\/Juan_de_Lugo_1583-1660.jpg\" alt=\"Juan_de_Lugo_(1583-1660)\" width=\"699\" height=\"958\" srcset=\"https:\/\/xoandelugo.org\/wp-content\/uploads\/2016\/07\/Juan_de_Lugo_1583-1660-200x274.jpg 200w, https:\/\/xoandelugo.org\/wp-content\/uploads\/2016\/07\/Juan_de_Lugo_1583-1660-219x300.jpg 219w, https:\/\/xoandelugo.org\/wp-content\/uploads\/2016\/07\/Juan_de_Lugo_1583-1660-400x548.jpg 400w, https:\/\/xoandelugo.org\/wp-content\/uploads\/2016\/07\/Juan_de_Lugo_1583-1660-600x822.jpg 600w, https:\/\/xoandelugo.org\/wp-content\/uploads\/2016\/07\/Juan_de_Lugo_1583-1660.jpg 699w\" sizes=\"(max-width: 699px) 100vw, 699px\" \/><\/p>\n<\/div><\/div><\/div><style type=\"text\/css\">.fusion-body .fusion-builder-column-2{width:33.333333333333% !important;margin-top : 0px;margin-bottom : 20px;}.fusion-builder-column-2 > .fusion-column-wrapper {padding-top : 0px !important;padding-right : 0px !important;margin-right : 5.76%;padding-bottom : 0px !important;padding-left : 0px !important;margin-left : 3.84%;}@media only screen and (max-width:1024px) {.fusion-body .fusion-builder-column-2{width:33.333333333333% !important;}.fusion-builder-column-2 > .fusion-column-wrapper {margin-right : 5.76%;margin-left : 3.84%;}}@media only screen and (max-width:640px) {.fusion-body .fusion-builder-column-2{width:100% !important;}.fusion-builder-column-2 > .fusion-column-wrapper {margin-right : 1.92%;margin-left : 1.92%;}}<\/style><div class=\"fusion-layout-column fusion_builder_column fusion-builder-column-3 fusion_builder_column_1_1 1_1 fusion-flex-column\"><div class=\"fusion-column-wrapper fusion-flex-justify-content-flex-start fusion-content-layout-column\" style=\"background-position:left top;background-repeat:no-repeat;-webkit-background-size:cover;-moz-background-size:cover;-o-background-size:cover;background-size:cover;padding: 0px 0px 0px 0px;\"><div class=\"fusion-separator fusion-full-width-sep\" style=\"align-self: center;margin-left: auto;margin-right: auto;width:100%;\"><div class=\"fusion-separator-border sep-double sep-solid\" style=\"border-color:#1c89bc;border-top-width:1px;border-bottom-width:1px;\"><\/div><\/div><\/div><\/div><style type=\"text\/css\">.fusion-body .fusion-builder-column-3{width:100% !important;margin-top : 0px;margin-bottom : 20px;}.fusion-builder-column-3 > .fusion-column-wrapper {padding-top : 0px !important;padding-right : 0px !important;margin-right : 1.92%;padding-bottom : 0px !important;padding-left : 0px !important;margin-left : 1.92%;}@media only screen and (max-width:1024px) {.fusion-body .fusion-builder-column-3{width:100% !important;}.fusion-builder-column-3 > .fusion-column-wrapper {margin-right : 1.92%;margin-left : 1.92%;}}@media only screen and (max-width:640px) {.fusion-body .fusion-builder-column-3{width:100% !important;}.fusion-builder-column-3 > .fusion-column-wrapper {margin-right : 1.92%;margin-left : 1.92%;}}<\/style><\/div><style type=\"text\/css\">.fusion-fullwidth.fusion-builder-row-1 { overflow:visible; }.fusion-body .fusion-flex-container.fusion-builder-row-1{ padding-top : 0px;margin-top : 0px;padding-right : 0px;padding-bottom : 0px;margin-bottom : 0px;padding-left : 0px;}<\/style><\/div>\n","protected":false},"excerpt":{"rendered":"","protected":false},"author":1,"featured_media":0,"parent":0,"menu_order":0,"comment_status":"closed","ping_status":"closed","template":"","meta":{"footnotes":""},"class_list":["post-13412","page","type-page","status-publish","hentry"],"_links":{"self":[{"href":"https:\/\/xoandelugo.org\/cy\/wp-json\/wp\/v2\/pages\/13412","targetHints":{"allow":["GET"]}}],"collection":[{"href":"https:\/\/xoandelugo.org\/cy\/wp-json\/wp\/v2\/pages"}],"about":[{"href":"https:\/\/xoandelugo.org\/cy\/wp-json\/wp\/v2\/types\/page"}],"author":[{"embeddable":true,"href":"https:\/\/xoandelugo.org\/cy\/wp-json\/wp\/v2\/users\/1"}],"replies":[{"embeddable":true,"href":"https:\/\/xoandelugo.org\/cy\/wp-json\/wp\/v2\/comments?post=13412"}],"version-history":[{"count":11,"href":"https:\/\/xoandelugo.org\/cy\/wp-json\/wp\/v2\/pages\/13412\/revisions"}],"predecessor-version":[{"id":17191,"href":"https:\/\/xoandelugo.org\/cy\/wp-json\/wp\/v2\/pages\/13412\/revisions\/17191"}],"wp:attachment":[{"href":"https:\/\/xoandelugo.org\/cy\/wp-json\/wp\/v2\/media?parent=13412"}],"curies":[{"name":"wp","href":"https:\/\/api.w.org\/{rel}","templated":true}]}}